{"id":36,"date":"2024-02-23T19:49:52","date_gmt":"2024-02-23T18:49:52","guid":{"rendered":"https:\/\/gasshuku.ondrejwebdesign.com\/?page_id=36"},"modified":"2025-01-16T15:48:49","modified_gmt":"2025-01-16T14:48:49","slug":"shimizu-sensei","status":"publish","type":"page","link":"https:\/\/www.gasshuku.cz\/en\/shimizu-sensei\/","title":{"rendered":"Shimizu sensei"},"content":{"rendered":"<section class=\"bde-section-36-100 bde-section\">\n  \n  \n\t\n\n\n\n<div class=\"section-container\"><h1 class=\"bde-heading-36-102 bde-heading\">\nSeminar with Shimizu Ryosuke sensei 6. dan\n<\/h1><div class=\"bde-rich-text-36-101 bde-rich-text breakdance-rich-text-styles\">\n<div><strong>Date:<\/strong> 25.-27.4. 2025<\/div><div><strong>Location:<\/strong> \u010cesk\u00e1 L\u00edpa<\/div>\n<\/div><img decoding=\"async\" class=\"bde-image2-36-103 bde-image2\" src=\"https:\/\/www.gasshuku.cz\/wp-content\/uploads\/2025\/01\/original-nesezenu.jpg\" loading=\"lazy\" srcset=\"https:\/\/www.gasshuku.cz\/wp-content\/uploads\/2025\/01\/original-nesezenu.jpg 2048w, https:\/\/www.gasshuku.cz\/wp-content\/uploads\/2025\/01\/original-nesezenu-300x244.jpg 300w, https:\/\/www.gasshuku.cz\/wp-content\/uploads\/2025\/01\/original-nesezenu-1024x834.jpg 1024w, https:\/\/www.gasshuku.cz\/wp-content\/uploads\/2025\/01\/original-nesezenu-768x626.jpg 768w, https:\/\/www.gasshuku.cz\/wp-content\/uploads\/2025\/01\/original-nesezenu-1536x1251.jpg 1536w, https:\/\/www.gasshuku.cz\/wp-content\/uploads\/2025\/01\/original-nesezenu-15x12.jpg 15w\" sizes=\"(max-width: 2048px) 100vw, 2048px\"><\/div>\n<\/section>","protected":false},"excerpt":{"rendered":"<p>Semin\u00e1\u0159 s Shimizu Ryosuke sensei 6. dan Term\u00edn: 25.-27.4. 2025M\u00edsto: \u010cesk\u00e1 L\u00edpa<\/p>","protected":false},"author":1,"featured_media":0,"parent":0,"menu_order":0,"comment_status":"closed","ping_status":"closed","template":"","meta":{"iawp_total_views":1103,"_breakdance_hide_in_design_set":false,"_breakdance_tags":"","footnotes":""},"class_list":["post-36","page","type-page","status-publish","hentry"],"_links":{"self":[{"href":"https:\/\/www.gasshuku.cz\/en\/wp-json\/wp\/v2\/pages\/36","targetHints":{"allow":["GET"]}}],"collection":[{"href":"https:\/\/www.gasshuku.cz\/en\/wp-json\/wp\/v2\/pages"}],"about":[{"href":"https:\/\/www.gasshuku.cz\/en\/wp-json\/wp\/v2\/types\/page"}],"author":[{"embeddable":true,"href":"https:\/\/www.gasshuku.cz\/en\/wp-json\/wp\/v2\/users\/1"}],"replies":[{"embeddable":true,"href":"https:\/\/www.gasshuku.cz\/en\/wp-json\/wp\/v2\/comments?post=36"}],"version-history":[{"count":7,"href":"https:\/\/www.gasshuku.cz\/en\/wp-json\/wp\/v2\/pages\/36\/revisions"}],"predecessor-version":[{"id":350,"href":"https:\/\/www.gasshuku.cz\/en\/wp-json\/wp\/v2\/pages\/36\/revisions\/350"}],"wp:attachment":[{"href":"https:\/\/www.gasshuku.cz\/en\/wp-json\/wp\/v2\/media?parent=36"}],"curies":[{"name":"wp","href":"https:\/\/api.w.org\/{rel}","templated":true}]}}