{"id":32,"date":"2024-02-23T19:48:40","date_gmt":"2024-02-23T18:48:40","guid":{"rendered":"https:\/\/gasshuku.ondrejwebdesign.com\/?page_id=32"},"modified":"2026-03-06T10:55:22","modified_gmt":"2026-03-06T09:55:22","slug":"hlavni-stranka","status":"publish","type":"page","link":"http:\/\/www.gasshuku.cz\/en\/","title":{"rendered":"Hlavn\u00ed str\u00e1nka"},"content":{"rendered":"<section class=\"bde-section-32-100 bde-section\">\n              \n  \n  \n\t\n\n  <div class=\"section-background-overlay\"><\/div>\n\n\n<div class=\"section-container\"><h2 class=\"bde-heading-32-101 bde-heading\">\nInternational JKA Karate Seminars in the Czech Republic\n<\/h2><div class=\"bde-text-32-133 bde-text\">\nInformation about multi-day intensive seminars and camps of JKA Karate in the Czech Republic featuring renowned instructors from around the world, particularly Japan.\n<\/div><div class=\"bde-icon-32-135 bde-icon\">\n\n    \n                    \n            \n            \n\n    \n    \n    \n    \n    \n    <a class=\"breakdance-link bde-icon-icon breakdance-icon-atom\" href=\"#akce\" target=\"_self\" data-type=\"url\"  >\n\n    \n                    <svg xmlns=\"http:\/\/www.w3.org\/2000\/svg\" width=\"24\" height=\"24\" fill=\"#000000\" viewbox=\"0 0 256 256\"><path d=\"M205.66,149.66l-72,72a8,8,0,0,1-11.32,0l-72-72a8,8,0,0,1,11.32-11.32L120,196.69V40a8,8,0,0,1,16,0V196.69l58.34-58.35a8,8,0,0,1,11.32,11.32Z\"\/><\/svg>\n        \n        \n        \n                <\/a>\n\n    \n\n\n<\/div><div class=\"bde-button-32-136 bde-button\">\n        \n    \n    \n    \n    \n            \n                    \n            \n            \n\n    \n    \n    \n    \n    \n    <a class=\"breakdance-link button-atom button-atom--primary bde-button__button\" href=\"#akce\" target=\"_self\" data-type=\"url\"  >\n\n    \n        <span class=\"button-atom__text\">Explore our events<\/span>\n\n        \n        \n                <\/a>\n\n    \n\n\n<\/div><\/div>\n<\/section><section id=\"akce\" class=\"bde-section-32-117 bde-section\">\n  \n  \n\t\n\n\n\n<div class=\"section-container\"><div class=\"bde-columns-32-113 bde-columns\"><div class=\"bde-column-32-127 bde-column\">\n  \n  \n\t\n\n\n\n<a class=\"bde-container-link-32-128 bde-container-link breakdance-link\" href=\"\/en\/winter-camp\/\" target=\"_self\" data-type=\"url\">\n              \n  \n  \n\t\n\n  <div class=\"section-background-overlay\"><\/div>\n\n\n<h3 class=\"bde-heading-32-129 bde-heading\">\nWinter Kumite Camp\n<\/h3>\n\n<\/a>\n<\/div><div class=\"bde-column-32-115 bde-column\">\n  \n  \n\t\n\n\n\n<a class=\"bde-container-link-32-119 bde-container-link breakdance-link\" href=\"\/en\/czech-gasshuku-2026\/\" target=\"_self\" data-type=\"url\">\n              \n  \n  \n\t\n\n  <div class=\"section-background-overlay\"><\/div>\n\n\n<h3 class=\"bde-heading-32-120 bde-heading\">\nCzech Gasshuku\n<\/h3>\n\n<\/a>\n<\/div><div class=\"bde-column-32-130 bde-column\">\n  \n  \n\t\n\n\n\n<a class=\"bde-container-link-32-131 bde-container-link breakdance-link\" href=\"\/en\/jka-europe-gasshuku\/\" target=\"_self\" data-type=\"url\">\n              \n  \n  \n\t\n\n  <div class=\"section-background-overlay\"><\/div>\n\n\n<h3 class=\"bde-heading-32-132 bde-heading\">\nJKA Europe Gasshuku\n<\/h3>\n\n<\/a>\n<\/div><\/div><\/div>\n<\/section><section class=\"bde-section-32-137 bde-section\">\n  \n  \n\t\n\n\n\n<div class=\"section-container\"><div class=\"bde-columns-32-138 bde-columns\"><div class=\"bde-column-32-141 bde-column\">\n  \n  \n\t\n\n\n\n<h2 class=\"bde-heading-32-142 bde-heading\">\nWhat is Gasshuku?\n<\/h2><div class=\"bde-content-reveal-32-229 bde-content-reveal\">\n<div class=\"bde-content-reveal__container is-hidden\">\n  <div class=\"bde-content-reveal__content\">\n    <div class=\"bde-rich-text-32-230 bde-rich-text breakdance-rich-text-styles\">\n<p>Training seminars and camps are educational events designed for all enthusiasts of the Shotokan Karate-Do style. They are suitable for all age groups, including adults, children, and youth, as well as for advanced practitioners and beginners. These events are held in various cities across the Czech Republic on pre-arranged dates to align with competition schedules and other activities of the associations.<\/p><p>Participants are divided into groups based on skill level and attend multiple training sessions per day. The training focuses on learning karate techniques through kihon, kata, and kumite, including their applications in sports competitions or self-defense. The events also include a supporting program aimed at fulfilling the meaning of the word \"gasshuku.\"<\/p><h3>What does the word \"gasshuku\" mean?<\/h3><div>Gasshuku is a Japanese word that means \"to meet and be together.\" The main idea is to train together, grow in Karate-Do, improve oneself internally, and spend time with friends in one place whenever possible. Therefore, our events are always designed to allow participants to spend maximum time together directly in or near the dojo, minimizing travel distances.\u00a0<\/div><div>Another goal of the Czech Gasshuku is to inspire young people to engage in sports and martial arts, as well as to showcase the Czech Republic and its various regions to international visitors.<\/div><div>The core of Gasshuku is a multi-day intensive JKA Karate training seminar led by renowned international instructors, usually from Japan, who are professional trainers from JKA HQ.<\/div>\n<\/div>\n  <\/div>\n\n      \n      \n    \n    \n    \n                                                    \n            \n            <button type=\"button\" class=\"button-atom button-atom--secondary bde-content-reveal__button\"   data-i18n-more=\"P\u0159e\u010d\u00edst v\u00edce\" data-i18n-less=\"P\u0159e\u010d\u00edst m\u00e9n\u011b\">\n    \n        <span class=\"button-atom__text\">Show more<\/span>\n\n        \n        \n            <\/button>\n    \n<\/div>\n\n<\/div>\n<\/div><div class=\"bde-column-32-139 bde-column\">\n  \n  \n\t\n\n\n\n<div class=\"bde-image-32-140 bde-image\">\n<figure class=\"breakdance-image breakdance-image--266\">\n\t<div class=\"breakdance-image-container\">\n\t\t<div class=\"breakdance-image-clip\"><img loading=\"lazy\" decoding=\"async\" class=\"breakdance-image-object\" src=\"https:\/\/www.gasshuku.cz\/wp-content\/uploads\/2024\/09\/115_karate_kadan.webp\" width=\"1409\" height=\"1000\" srcset=\"https:\/\/www.gasshuku.cz\/wp-content\/uploads\/2024\/09\/115_karate_kadan.webp 1409w, https:\/\/www.gasshuku.cz\/wp-content\/uploads\/2024\/09\/115_karate_kadan-300x213.webp 300w, https:\/\/www.gasshuku.cz\/wp-content\/uploads\/2024\/09\/115_karate_kadan-1024x727.webp 1024w, https:\/\/www.gasshuku.cz\/wp-content\/uploads\/2024\/09\/115_karate_kadan-768x545.webp 768w\" sizes=\"auto, (max-width: 1409px) 100vw, 1409px\"><\/div>\n\t<\/div><\/figure>\n\n<\/div>\n<\/div><\/div><\/div>\n<\/section><div class=\"bde-globalblock-32-227 bde-globalblock\"><section class=\"bde-section-115-100-115-1 bde-section bde-section-115-100\">\n  \n  \n\t\n\n\n\n<div class=\"section-container\"><div class=\"bde-div-115-101-115-1 bde-div bde-div-115-101\">\n  \n  \n\t\n\n\n\n<div class=\"bde-simple-counter-115-102-115-1 bde-simple-counter bde-simple-counter-115-102\">\n<div class=\"bde-simple-counter__wrapper\">\n  <p class=\"bde-simple-counter__number bde-h6\">\n    <span class=\"bde-simple-counter__prefix\"><\/span>\n    <span class=\"bde-simple-counter__digit js-digit\"><\/span>\n    <span class=\"bde-simple-counter__suffix\">+<\/span>\n  <\/p>\n    \t<div class=\"bde-simple-counter__title\" >Editions<\/div>\n  <\/div>\n\n<\/div><div class=\"bde-simple-counter-115-103-115-1 bde-simple-counter bde-simple-counter-115-103\">\n<div class=\"bde-simple-counter__wrapper\">\n  <p class=\"bde-simple-counter__number bde-h6\">\n    <span class=\"bde-simple-counter__prefix\"><\/span>\n    <span class=\"bde-simple-counter__digit js-digit\"><\/span>\n    <span class=\"bde-simple-counter__suffix\">+<\/span>\n  <\/p>\n    \t<div class=\"bde-simple-counter__title\" >Total Participants<\/div>\n  <\/div>\n\n<\/div><div class=\"bde-simple-counter-115-104-115-1 bde-simple-counter bde-simple-counter-115-104\">\n<div class=\"bde-simple-counter__wrapper\">\n  <p class=\"bde-simple-counter__number bde-h6\">\n    <span class=\"bde-simple-counter__prefix\"><\/span>\n    <span class=\"bde-simple-counter__digit js-digit\"><\/span>\n    <span class=\"bde-simple-counter__suffix\">+<\/span>\n  <\/p>\n    \t<div class=\"bde-simple-counter__title\" >International Instructors<\/div>\n  <\/div>\n\n<\/div><div class=\"bde-simple-counter-115-105-115-1 bde-simple-counter bde-simple-counter-115-105\">\n<div class=\"bde-simple-counter__wrapper\">\n  <p class=\"bde-simple-counter__number bde-h6\">\n    <span class=\"bde-simple-counter__prefix\"><\/span>\n    <span class=\"bde-simple-counter__digit js-digit\"><\/span>\n    <span class=\"bde-simple-counter__suffix\">+<\/span>\n  <\/p>\n    \t<div class=\"bde-simple-counter__title\" >Total Training Sessions<\/div>\n  <\/div>\n\n<\/div>\n<\/div><\/div>\n<\/section><\/div><section class=\"bde-section-32-179 bde-section\">\n  \n  \n\t\n\n\n\n<div class=\"section-container\"><div class=\"bde-div-32-186 bde-div\">\n  \n  \n\t\n\n\n\n<div class=\"bde-text-32-181 bde-text\">\nReviews\n<\/div><h2 class=\"bde-heading-32-180 bde-heading\">\nWhat do our customers say?\n<\/h2>\n<\/div><div class=\"bde-columns-32-182 bde-columns\"><div class=\"bde-column-32-185 bde-column\">\n  \n  \n\t\n\n\n\n<div class=\"bde-simple-testimonial-32-189 bde-simple-testimonial\">\n\n\n\n    \n    \n    <div class='simple-testimonial__image-outer-wrapper simple-testimonial__outlined-circle-image'>\n                    <div class='simple-testimonial__image-inner-wrapper'>\n                <img loading=\"lazy\" decoding=\"async\" class=\"breakdance-image-object\" src=\"https:\/\/www.gasshuku.cz\/wp-content\/uploads\/2025\/01\/Cheyenne-Heumann-150x150.jpg\" width=\"150\" height=\"150\" sizes=\"auto, (max-width: 150px) 100vw, 150px\">\n            <\/div>\n            <\/div>\n\n\n\n    <div class='simple-testimonial__quote'>\n        <blockquote >\n            A superb karate experience for those who seek high class training and an international community at nice locations.\u201c<br>I have been visiting the Czech gasshuku for 15 years now and it is always one of the highlights in my annual karate calendar. The Organisation is simply on point and karate enthusiasts are able to enjoy training with high class instructors from JKA Honbu Dojo throughout the whole day. The team also takes care for events in the evenings and provides the possibility for an exchange with the instructors and other Karatekas from Europe.<br>Pat but not least, I like to explore the local area and get a glimpse of Czech culture or simply enjoy a nice Czech beer with old and new friends.\n        <\/blockquote>\n\n        \n    <\/div>\n\n\n    <div class='simple-testimonial__author' >\n        Cheyenne Heumann\n    <\/div>\n\n    <div class='simple-testimonial__author-info' >\n        JKA Bad Camberg, Germany\n    <\/div>\n\n\n\n<\/div><div class=\"bde-simple-testimonial-32-191 bde-simple-testimonial\">\n\n\n\n    \n    \n    <div class='simple-testimonial__image-outer-wrapper simple-testimonial__outlined-circle-image'>\n                    <div class='simple-testimonial__image-inner-wrapper'>\n                <img loading=\"lazy\" decoding=\"async\" class=\"breakdance-image-object\" src=\"https:\/\/www.gasshuku.cz\/wp-content\/uploads\/2025\/01\/Janos-Krepsz-150x150.jpg\" width=\"150\" height=\"150\" sizes=\"auto, (max-width: 150px) 100vw, 150px\">\n            <\/div>\n            <\/div>\n\n\n\n    <div class='simple-testimonial__quote'>\n        <blockquote >\n            Dear Karatekas, Dear Readers,<br>\"An Opinion from the Neighbourhood\"<br><br>I always gladly visit the Czech Gasshuku because<br>\u2022    excellent, recognized masters of JKA Karate-Do conduct the training sessions<br>\u2022    despite my age, I can always learn and reinforce my existing knowledge<br>\u2022    I can spend extra time with the masters I highly respect, focusing on karate<br>\u2022    even though I cannot currently practice karate to its full extent, I gain a lot of useful information and experiences, which I try to pass on to my students<br>\u2022    the organization is truly good; it is helpful that karate practitioners of different levels can learn and practice according to their knowledge<br>\u2022    one meets many friends, including those with whom I practiced together 20-25 years ago<br>\u2022    it complements well the domestic (Hungarian) training camps we organize, with the knowledge and experiences that can be gained there<br>\u2022    I hope that in the coming year, even more of us will have these experiences!\n        <\/blockquote>\n\n        \n    <\/div>\n\n\n    <div class='simple-testimonial__author' >\n        J\u00e1nos Krepsz\n    <\/div>\n\n    <div class='simple-testimonial__author-info' >\n        President of JKA Hungary\n    <\/div>\n\n\n\n<\/div>\n<\/div><div class=\"bde-column-32-196 bde-column\">\n  \n  \n\t\n\n\n\n<div class=\"bde-simple-testimonial-32-197 bde-simple-testimonial\">\n\n\n\n    \n    \n    <div class='simple-testimonial__image-outer-wrapper simple-testimonial__outlined-circle-image'>\n                    <div class='simple-testimonial__image-inner-wrapper'>\n                <img loading=\"lazy\" decoding=\"async\" class=\"breakdance-image-object\" src=\"https:\/\/www.gasshuku.cz\/wp-content\/uploads\/2025\/01\/Roland-Heimgartner-150x150.jpg\" width=\"150\" height=\"150\" sizes=\"auto, (max-width: 150px) 100vw, 150px\">\n            <\/div>\n            <\/div>\n\n\n\n    <div class='simple-testimonial__quote'>\n        <blockquote >\n            The organizers of the Czech Gasshuku consistently exceed our expectations, creating an atmosphere of warmth and hospitality that makes participants feel like cherished members of the ever-expanding JKA karate family. Their friendliness and open-hearted welcome set the tone for the entire event.<br><br>During our time at the Gasshuku, we were fortunate to have outstanding instructors who elevated our training sessions by imparting valuable knowledge on topics such as body mechanics, techniques, and the fluidity of movement. It was truly remarkable to receive lessons from these instructors, who shared their wealth of experience and technical expertise. The learning experience was captivating and beneficial for karate practitioners of all levels, from beginners to advanced students. It emphasized that the journey of learning and self-improvement in karate never comes to a halt.<br><br>Beyond the rigorous practice hours, the charming town of Prachatice beckoned us to explore its streets, savor delicious cuisine, and indulge in a wide array of beer selections. The combination of enriching training and the opportunity to enjoy life outside the dojo made for an unforgettable and fulfilling experience. The Gasshuku not only deepened our martial arts knowledge but also provided a well-rounded and enjoyable stay, both on and off the training mats. Thank you.\n        <\/blockquote>\n\n        \n    <\/div>\n\n\n    <div class='simple-testimonial__author' >\n        Roland Heimgartner\n    <\/div>\n\n    <div class='simple-testimonial__author-info' >\n        Switzerland\n    <\/div>\n\n\n\n<\/div><div class=\"bde-simple-testimonial-32-198 bde-simple-testimonial\">\n\n\n\n    \n    \n    <div class='simple-testimonial__image-outer-wrapper simple-testimonial__outlined-circle-image'>\n                    <div class='simple-testimonial__image-inner-wrapper'>\n                <img loading=\"lazy\" decoding=\"async\" class=\"breakdance-image-object\" src=\"https:\/\/www.gasshuku.cz\/wp-content\/uploads\/2025\/01\/Emanuele-Bisceglie-150x150.jpg\" width=\"150\" height=\"150\" srcset=\"https:\/\/www.gasshuku.cz\/wp-content\/uploads\/2025\/01\/Emanuele-Bisceglie-150x150.jpg 150w, https:\/\/www.gasshuku.cz\/wp-content\/uploads\/2025\/01\/Emanuele-Bisceglie-768x775.jpg 768w\" sizes=\"auto, (max-width: 150px) 100vw, 150px\">\n            <\/div>\n            <\/div>\n\n\n\n    <div class='simple-testimonial__quote'>\n        <blockquote >\n            The Czech Karate Gasshuku is always a highlight of the year for me. Apart from the line-up with top-class trainers from Japan who give the participants the best input for a week, the atmosphere between the participants is always very familiar. The organization team and the Czech Karate Association (JKA) are loving hosts. It is always well organized. The Czech Gasshuku clearly focuses on karate with friends. Participants from other countries have now also recognized this and this Gasshuku is rightly gaining more and more growth from year to year. It's a really great event.\n        <\/blockquote>\n\n        \n    <\/div>\n\n\n    <div class='simple-testimonial__author' >\n        Emanuele Bisceglie\n    <\/div>\n\n    <div class='simple-testimonial__author-info' >\n        Germany\n    <\/div>\n\n\n\n<\/div>\n<\/div><\/div><\/div>\n<\/section><section class=\"bde-section-32-215 bde-section\">\n  \n  \n\t\n\n\n\n<div class=\"section-container\"><div class=\"bde-div-32-225 bde-div\">\n  \n  \n\t\n\n\n\n<h2 class=\"bde-heading-32-223 bde-heading\">\nPartners of Our Events\n<\/h2>\n<\/div><div class=\"bde-div-32-224 bde-div\">\n  \n  \n\t\n\n\n\n<div class=\"bde-image-32-221 bde-image\">\n<figure class=\"breakdance-image breakdance-image--214\">\n\t<div class=\"breakdance-image-container\">\n\t\t<div class=\"breakdance-image-clip\"><img loading=\"lazy\" decoding=\"async\" class=\"breakdance-image-object\" src=\"https:\/\/www.gasshuku.cz\/wp-content\/uploads\/2024\/03\/jka_cr.webp\" width=\"400\" height=\"137\" srcset=\"https:\/\/www.gasshuku.cz\/wp-content\/uploads\/2024\/03\/jka_cr.webp 400w, https:\/\/www.gasshuku.cz\/wp-content\/uploads\/2024\/03\/jka_cr-300x103.webp 300w\" sizes=\"auto, (max-width: 400px) 100vw, 400px\"><\/div>\n\t<\/div><\/figure>\n\n<\/div><div class=\"bde-image-32-220 bde-image\">\n<figure class=\"breakdance-image breakdance-image--215\">\n\t<div class=\"breakdance-image-container\">\n\t\t<div class=\"breakdance-image-clip\"><img loading=\"lazy\" decoding=\"async\" class=\"breakdance-image-object\" src=\"https:\/\/www.gasshuku.cz\/wp-content\/uploads\/2024\/03\/jka_wf.webp\" width=\"400\" height=\"98\" srcset=\"https:\/\/www.gasshuku.cz\/wp-content\/uploads\/2024\/03\/jka_wf.webp 400w, https:\/\/www.gasshuku.cz\/wp-content\/uploads\/2024\/03\/jka_wf-300x74.webp 300w\" sizes=\"auto, (max-width: 400px) 100vw, 400px\"><\/div>\n\t<\/div><\/figure>\n\n<\/div><div class=\"bde-image-32-222 bde-image\">\n<figure class=\"breakdance-image breakdance-image--216\">\n\t<div class=\"breakdance-image-container\">\n\t\t<div class=\"breakdance-image-clip\"><img loading=\"lazy\" decoding=\"async\" class=\"breakdance-image-object\" src=\"https:\/\/www.gasshuku.cz\/wp-content\/uploads\/2024\/03\/tdc.webp\" width=\"400\" height=\"161\" srcset=\"https:\/\/www.gasshuku.cz\/wp-content\/uploads\/2024\/03\/tdc.webp 400w, https:\/\/www.gasshuku.cz\/wp-content\/uploads\/2024\/03\/tdc-300x121.webp 300w\" sizes=\"auto, (max-width: 400px) 100vw, 400px\"><\/div>\n\t<\/div><\/figure>\n\n<\/div>\n<\/div><\/div>\n<\/section>","protected":false},"excerpt":{"rendered":"<p>Mezin\u00e1rodn\u00ed semin\u00e1\u0159e JKA karate v \u010cR Informace o v\u00edcedenn\u00edch intenzivn\u00edch semin\u00e1\u0159\u00edch a kempech karate JKA na \u00fazem\u00ed \u010cesk\u00e9 republiky s renomovan\u00fdmi instruktory ze sv\u011bta, p\u0159edev\u0161\u00edm z Japonska. Prozkoumat na\u0161e akce Winter Kumite Camp Czech Gasshuku JKA Europe Gasshuku Co je Gasshuku? Tr\u00e9ninkov\u00e9 semin\u00e1\u0159e a kempy jsou vzd\u011bl\u00e1vac\u00ed akce ur\u010den\u00e9 v\u0161em z\u00e1jemc\u016fm o karate-do stylu Shotokan, [&hellip;]<\/p>\n","protected":false},"author":1,"featured_media":0,"parent":0,"menu_order":0,"comment_status":"closed","ping_status":"closed","template":"","meta":{"iawp_total_views":10717,"_breakdance_hide_in_design_set":false,"_breakdance_tags":"","footnotes":""},"class_list":["post-32","page","type-page","status-publish","hentry"],"_links":{"self":[{"href":"http:\/\/www.gasshuku.cz\/en\/wp-json\/wp\/v2\/pages\/32","targetHints":{"allow":["GET"]}}],"collection":[{"href":"http:\/\/www.gasshuku.cz\/en\/wp-json\/wp\/v2\/pages"}],"about":[{"href":"http:\/\/www.gasshuku.cz\/en\/wp-json\/wp\/v2\/types\/page"}],"author":[{"embeddable":true,"href":"http:\/\/www.gasshuku.cz\/en\/wp-json\/wp\/v2\/users\/1"}],"replies":[{"embeddable":true,"href":"http:\/\/www.gasshuku.cz\/en\/wp-json\/wp\/v2\/comments?post=32"}],"version-history":[{"count":60,"href":"http:\/\/www.gasshuku.cz\/en\/wp-json\/wp\/v2\/pages\/32\/revisions"}],"predecessor-version":[{"id":572,"href":"http:\/\/www.gasshuku.cz\/en\/wp-json\/wp\/v2\/pages\/32\/revisions\/572"}],"wp:attachment":[{"href":"http:\/\/www.gasshuku.cz\/en\/wp-json\/wp\/v2\/media?parent=32"}],"curies":[{"name":"wp","href":"https:\/\/api.w.org\/{rel}","templated":true}]}}